{"id":3454,"date":"2024-04-14T09:46:33","date_gmt":"2024-04-14T09:46:33","guid":{"rendered":"https:\/\/www.transferamalficoast.it\/?page_id=3454"},"modified":"2024-04-14T09:51:58","modified_gmt":"2024-04-14T09:51:58","slug":"cookies","status":"publish","type":"page","link":"https:\/\/www.transferamalficoast.it\/es\/cookies\/","title":{"rendered":"Cookies"},"content":{"rendered":"\t\t<div data-elementor-type=\"wp-post\" data-elementor-id=\"3454\" class=\"elementor elementor-3454 elementor-3452\" data-elementor-post-type=\"page\">\n\t\t\t\t\t\t<section class=\"elementor-section elementor-top-section elementor-element elementor-element-808a307 elementor-section-height-min-height elementor-section-content-middle elementor-section-boxed elementor-section-height-default elementor-section-items-middle\" data-id=\"808a307\" data-element_type=\"section\" data-settings=\"{&quot;background_background&quot;:&quot;gradient&quot;}\">\n\t\t\t\t\t\t<div class=\"elementor-container elementor-column-gap-no\">\n\t\t\t\t\t<div class=\"elementor-column elementor-col-50 elementor-top-column elementor-element elementor-element-b10a467\" data-id=\"b10a467\" data-element_type=\"column\">\n\t\t\t<div class=\"elementor-widget-wrap elementor-element-populated\">\n\t\t\t\t\t\t<div class=\"elementor-element elementor-element-5595419 elementor-widget elementor-widget-theme-site-logo elementor-widget-image\" data-id=\"5595419\" data-element_type=\"widget\" data-widget_type=\"theme-site-logo.default\">\n\t\t\t\t<div class=\"elementor-widget-container\">\n\t\t\t\t\t\t\t\t\t<a href=\"https:\/\/www.transferamalficoast.it\/es\/\">\n\t\t\t<img fetchpriority=\"high\" decoding=\"async\" width=\"384\" height=\"174\" src=\"https:\/\/www.transferamalficoast.it\/wp-content\/uploads\/2018\/11\/cropped-transfer_amalficoast.png\" class=\"attachment-full size-full wp-image-145\" alt=\"\" srcset=\"https:\/\/www.transferamalficoast.it\/wp-content\/uploads\/2018\/11\/cropped-transfer_amalficoast.png 384w, https:\/\/www.transferamalficoast.it\/wp-content\/uploads\/2018\/11\/cropped-transfer_amalficoast-300x136.png 300w\" sizes=\"(max-width: 384px) 100vw, 384px\" \/>\t\t\t\t<\/a>\n\t\t\t\t\t\t\t\t\t<\/div>\n\t\t\t\t<\/div>\n\t\t\t\t\t<\/div>\n\t\t<\/div>\n\t\t\t\t<div class=\"elementor-column elementor-col-50 elementor-top-column elementor-element elementor-element-7f70c7e\" data-id=\"7f70c7e\" data-element_type=\"column\">\n\t\t\t<div class=\"elementor-widget-wrap elementor-element-populated\">\n\t\t\t\t\t\t<section class=\"elementor-section elementor-inner-section elementor-element elementor-element-64ceec7 elementor-hidden-phone elementor-section-boxed elementor-section-height-default elementor-section-height-default\" data-id=\"64ceec7\" data-element_type=\"section\">\n\t\t\t\t\t\t<div class=\"elementor-container elementor-column-gap-default\">\n\t\t\t\t\t<div class=\"elementor-column elementor-col-33 elementor-inner-column elementor-element elementor-element-aac505f\" data-id=\"aac505f\" data-element_type=\"column\">\n\t\t\t<div class=\"elementor-widget-wrap elementor-element-populated\">\n\t\t\t\t\t\t<div class=\"elementor-element elementor-element-85529b6 elementor-position-left elementor-vertical-align-middle elementor-view-default elementor-mobile-position-top elementor-widget elementor-widget-icon-box\" data-id=\"85529b6\" data-element_type=\"widget\" data-widget_type=\"icon-box.default\">\n\t\t\t\t<div class=\"elementor-widget-container\">\n\t\t\t\t\t<div class=\"elementor-icon-box-wrapper\">\n\t\t\t\t\t\t<div class=\"elementor-icon-box-icon\">\n\t\t\t\t<span  class=\"elementor-icon elementor-animation-\">\n\t\t\t\t<i class=\"fa fa-map-marker\" aria-hidden=\"true\"><\/i>\t\t\t\t<\/span>\n\t\t\t<\/div>\n\t\t\t\t\t\t<div class=\"elementor-icon-box-content\">\n\t\t\t\t<h3 class=\"elementor-icon-box-title\">\n\t\t\t\t\t<span  >\n\t\t\t\t\t\tAmalfi Coast\t\t\t\t\t<\/span>\n\t\t\t\t<\/h3>\n\t\t\t\t\t\t\t\t\t<p class=\"elementor-icon-box-description\">\n\t\t\t\t\t\tAmalfi\t\t\t\t\t<\/p>\n\t\t\t\t\t\t\t<\/div>\n\t\t<\/div>\n\t\t\t\t<\/div>\n\t\t\t\t<\/div>\n\t\t\t\t\t<\/div>\n\t\t<\/div>\n\t\t\t\t<div class=\"elementor-column elementor-col-33 elementor-inner-column elementor-element elementor-element-dbf2273\" data-id=\"dbf2273\" data-element_type=\"column\">\n\t\t\t<div class=\"elementor-widget-wrap elementor-element-populated\">\n\t\t\t\t\t\t<div class=\"elementor-element elementor-element-5fa0e7c elementor-position-left elementor-vertical-align-middle elementor-view-default elementor-mobile-position-top elementor-widget elementor-widget-icon-box\" data-id=\"5fa0e7c\" data-element_type=\"widget\" data-widget_type=\"icon-box.default\">\n\t\t\t\t<div class=\"elementor-widget-container\">\n\t\t\t\t\t<div class=\"elementor-icon-box-wrapper\">\n\t\t\t\t\t\t<div class=\"elementor-icon-box-icon\">\n\t\t\t\t<span  class=\"elementor-icon elementor-animation-\">\n\t\t\t\t<i class=\"fa fa-phone\" aria-hidden=\"true\"><\/i>\t\t\t\t<\/span>\n\t\t\t<\/div>\n\t\t\t\t\t\t<div class=\"elementor-icon-box-content\">\n\t\t\t\t<h3 class=\"elementor-icon-box-title\">\n\t\t\t\t\t<span  >\n\t\t\t\t\t\t+39 338 6766111\t\t\t\t\t<\/span>\n\t\t\t\t<\/h3>\n\t\t\t\t\t\t\t\t\t<p class=\"elementor-icon-box-description\">\n\t\t\t\t\t\t24\/7 Customer Support\t\t\t\t\t<\/p>\n\t\t\t\t\t\t\t<\/div>\n\t\t<\/div>\n\t\t\t\t<\/div>\n\t\t\t\t<\/div>\n\t\t\t\t\t<\/div>\n\t\t<\/div>\n\t\t\t\t<div class=\"elementor-column elementor-col-33 elementor-inner-column elementor-element elementor-element-e750f2a\" data-id=\"e750f2a\" data-element_type=\"column\">\n\t\t\t<div class=\"elementor-widget-wrap elementor-element-populated\">\n\t\t\t\t\t\t<div class=\"elementor-element elementor-element-a708554 elementor-position-left elementor-vertical-align-middle elementor-view-default elementor-mobile-position-top elementor-widget elementor-widget-icon-box\" data-id=\"a708554\" data-element_type=\"widget\" data-widget_type=\"icon-box.default\">\n\t\t\t\t<div class=\"elementor-widget-container\">\n\t\t\t\t\t<div class=\"elementor-icon-box-wrapper\">\n\t\t\t\t\t\t<div class=\"elementor-icon-box-icon\">\n\t\t\t\t<span  class=\"elementor-icon elementor-animation-\">\n\t\t\t\t<i class=\"fa fa-clock-o\" aria-hidden=\"true\"><\/i>\t\t\t\t<\/span>\n\t\t\t<\/div>\n\t\t\t\t\t\t<div class=\"elementor-icon-box-content\">\n\t\t\t\t<h3 class=\"elementor-icon-box-title\">\n\t\t\t\t\t<span  >\n\t\t\t\t\t\t Todos los d\u00edas cada hora\t\t\t\t\t<\/span>\n\t\t\t\t<\/h3>\n\t\t\t\t\t\t\t\t\t<p class=\"elementor-icon-box-description\">\n\t\t\t\t\t\t24h listo para transferencias\t\t\t\t\t<\/p>\n\t\t\t\t\t\t\t<\/div>\n\t\t<\/div>\n\t\t\t\t<\/div>\n\t\t\t\t<\/div>\n\t\t\t\t\t<\/div>\n\t\t<\/div>\n\t\t\t\t\t<\/div>\n\t\t<\/section>\n\t\t\t\t\t<\/div>\n\t\t<\/div>\n\t\t\t\t\t<\/div>\n\t\t<\/section>\n\t\t\t\t<section class=\"elementor-section elementor-top-section elementor-element elementor-element-8797670 elementor-section-content-middle elementor-section-stretched elementor-section-boxed elementor-section-height-default elementor-section-height-default\" data-id=\"8797670\" data-element_type=\"section\" data-settings=\"{&quot;background_background&quot;:&quot;classic&quot;,&quot;stretch_section&quot;:&quot;section-stretched&quot;}\">\n\t\t\t\t\t\t<div class=\"elementor-container elementor-column-gap-no\">\n\t\t\t\t\t<div class=\"elementor-column elementor-col-50 elementor-top-column elementor-element elementor-element-8cbf9b8\" data-id=\"8cbf9b8\" data-element_type=\"column\">\n\t\t\t<div class=\"elementor-widget-wrap elementor-element-populated\">\n\t\t\t\t\t\t<div class=\"elementor-element elementor-element-7b2f761 elementor-nav-menu--stretch elementor-nav-menu--dropdown-tablet elementor-nav-menu__text-align-aside elementor-nav-menu--toggle elementor-nav-menu--burger elementor-widget elementor-widget-nav-menu\" data-id=\"7b2f761\" data-element_type=\"widget\" data-settings=\"{&quot;full_width&quot;:&quot;stretch&quot;,&quot;layout&quot;:&quot;horizontal&quot;,&quot;submenu_icon&quot;:{&quot;value&quot;:&quot;&lt;i class=\\&quot;fas fa-caret-down\\&quot;&gt;&lt;\\\/i&gt;&quot;,&quot;library&quot;:&quot;fa-solid&quot;},&quot;toggle&quot;:&quot;burger&quot;}\" data-widget_type=\"nav-menu.default\">\n\t\t\t\t<div class=\"elementor-widget-container\">\n\t\t\t\t\t\t<nav class=\"elementor-nav-menu--main elementor-nav-menu__container elementor-nav-menu--layout-horizontal e--pointer-background e--animation-fade\">\n\t\t\t\t<ul id=\"menu-1-7b2f761\" class=\"elementor-nav-menu\"><li class=\"menu-item menu-item-type-post_type menu-item-object-page menu-item-home menu-item-3250\"><a href=\"https:\/\/www.transferamalficoast.it\/es\/\" class=\"elementor-item\">Home<\/a><\/li>\n<li class=\"menu-item menu-item-type-post_type menu-item-object-page menu-item-3264\"><a href=\"https:\/\/www.transferamalficoast.it\/es\/trasferimentos\/\" class=\"elementor-item\">Trasferimentos<\/a><\/li>\n<li class=\"menu-item menu-item-type-post_type menu-item-object-page menu-item-3367\"><a href=\"https:\/\/www.transferamalficoast.it\/es\/excurisiones\/\" class=\"elementor-item\">Excurisiones<\/a><\/li>\n<li class=\"menu-item menu-item-type-post_type menu-item-object-page menu-item-3412\"><a href=\"https:\/\/www.transferamalficoast.it\/es\/contactos\/\" class=\"elementor-item\">Contactos<\/a><\/li>\n<li class=\"menu-item wpml-ls-slot-6 wpml-ls-item wpml-ls-item-en wpml-ls-menu-item wpml-ls-first-item menu-item-type-wpml_ls_menu_item menu-item-object-wpml_ls_menu_item menu-item-wpml-ls-6-en\"><a href=\"https:\/\/www.transferamalficoast.it\/en\/\" class=\"elementor-item\"><img decoding=\"async\"\n            class=\"wpml-ls-flag\"\n            src=\"https:\/\/www.transferamalficoast.it\/wp-content\/plugins\/sitepress-multilingual-cms\/res\/flags\/en.png\"\n            alt=\"Ingl\u00e9s\"\n            width=18\n            height=12\n    \/><\/a><\/li>\n<li class=\"menu-item wpml-ls-slot-6 wpml-ls-item wpml-ls-item-it wpml-ls-menu-item wpml-ls-last-item menu-item-type-wpml_ls_menu_item menu-item-object-wpml_ls_menu_item menu-item-wpml-ls-6-it\"><a href=\"https:\/\/www.transferamalficoast.it\/\" class=\"elementor-item\"><img decoding=\"async\"\n            class=\"wpml-ls-flag\"\n            src=\"https:\/\/www.transferamalficoast.it\/wp-content\/plugins\/sitepress-multilingual-cms\/res\/flags\/it.png\"\n            alt=\"Italiano\"\n            width=18\n            height=12\n    \/><\/a><\/li>\n<\/ul>\t\t\t<\/nav>\n\t\t\t\t\t<div class=\"elementor-menu-toggle\" role=\"button\" tabindex=\"0\" aria-label=\"Alternar men\u00fa\" aria-expanded=\"false\">\n\t\t\t<i aria-hidden=\"true\" role=\"presentation\" class=\"elementor-menu-toggle__icon--open eicon-menu-bar\"><\/i><i aria-hidden=\"true\" role=\"presentation\" class=\"elementor-menu-toggle__icon--close eicon-close\"><\/i>\t\t\t<span class=\"elementor-screen-only\">Men\u00fa<\/span>\n\t\t<\/div>\n\t\t\t\t\t<nav class=\"elementor-nav-menu--dropdown elementor-nav-menu__container\" aria-hidden=\"true\">\n\t\t\t\t<ul id=\"menu-2-7b2f761\" class=\"elementor-nav-menu\"><li class=\"menu-item menu-item-type-post_type menu-item-object-page menu-item-home menu-item-3250\"><a href=\"https:\/\/www.transferamalficoast.it\/es\/\" class=\"elementor-item\" tabindex=\"-1\">Home<\/a><\/li>\n<li class=\"menu-item menu-item-type-post_type menu-item-object-page menu-item-3264\"><a href=\"https:\/\/www.transferamalficoast.it\/es\/trasferimentos\/\" class=\"elementor-item\" tabindex=\"-1\">Trasferimentos<\/a><\/li>\n<li class=\"menu-item menu-item-type-post_type menu-item-object-page menu-item-3367\"><a href=\"https:\/\/www.transferamalficoast.it\/es\/excurisiones\/\" class=\"elementor-item\" tabindex=\"-1\">Excurisiones<\/a><\/li>\n<li class=\"menu-item menu-item-type-post_type menu-item-object-page menu-item-3412\"><a href=\"https:\/\/www.transferamalficoast.it\/es\/contactos\/\" class=\"elementor-item\" tabindex=\"-1\">Contactos<\/a><\/li>\n<li class=\"menu-item wpml-ls-slot-6 wpml-ls-item wpml-ls-item-en wpml-ls-menu-item wpml-ls-first-item menu-item-type-wpml_ls_menu_item menu-item-object-wpml_ls_menu_item menu-item-wpml-ls-6-en\"><a href=\"https:\/\/www.transferamalficoast.it\/en\/\" class=\"elementor-item\" tabindex=\"-1\"><img decoding=\"async\"\n            class=\"wpml-ls-flag\"\n            src=\"https:\/\/www.transferamalficoast.it\/wp-content\/plugins\/sitepress-multilingual-cms\/res\/flags\/en.png\"\n            alt=\"Ingl\u00e9s\"\n            width=18\n            height=12\n    \/><\/a><\/li>\n<li class=\"menu-item wpml-ls-slot-6 wpml-ls-item wpml-ls-item-it wpml-ls-menu-item wpml-ls-last-item menu-item-type-wpml_ls_menu_item menu-item-object-wpml_ls_menu_item menu-item-wpml-ls-6-it\"><a href=\"https:\/\/www.transferamalficoast.it\/\" class=\"elementor-item\" tabindex=\"-1\"><img decoding=\"async\"\n            class=\"wpml-ls-flag\"\n            src=\"https:\/\/www.transferamalficoast.it\/wp-content\/plugins\/sitepress-multilingual-cms\/res\/flags\/it.png\"\n            alt=\"Italiano\"\n            width=18\n            height=12\n    \/><\/a><\/li>\n<\/ul>\t\t\t<\/nav>\n\t\t\t\t<\/div>\n\t\t\t\t<\/div>\n\t\t\t\t\t<\/div>\n\t\t<\/div>\n\t\t\t\t<div class=\"elementor-column elementor-col-50 elementor-top-column elementor-element elementor-element-23dac9e\" data-id=\"23dac9e\" data-element_type=\"column\">\n\t\t\t<div class=\"elementor-widget-wrap elementor-element-populated\">\n\t\t\t\t\t\t<div class=\"elementor-element elementor-element-af4826f e-grid-align-right elementor-shape-rounded elementor-grid-0 elementor-widget elementor-widget-social-icons\" data-id=\"af4826f\" data-element_type=\"widget\" data-widget_type=\"social-icons.default\">\n\t\t\t\t<div class=\"elementor-widget-container\">\n\t\t\t\t\t<div class=\"elementor-social-icons-wrapper elementor-grid\">\n\t\t\t\t\t\t\t<span class=\"elementor-grid-item\">\n\t\t\t\t\t<a class=\"elementor-icon elementor-social-icon elementor-social-icon-facebook elementor-repeater-item-320e991\" target=\"_blank\">\n\t\t\t\t\t\t<span class=\"elementor-screen-only\">Facebook<\/span>\n\t\t\t\t\t\t\t\t\t\t\t\t\t<i class=\"fa fa-facebook\"><\/i>\n\t\t\t\t\t\t\t\t\t\t\t<\/a>\n\t\t\t\t<\/span>\n\t\t\t\t\t\t\t<span class=\"elementor-grid-item\">\n\t\t\t\t\t<a class=\"elementor-icon elementor-social-icon elementor-social-icon-twitter elementor-repeater-item-1491259\" target=\"_blank\">\n\t\t\t\t\t\t<span class=\"elementor-screen-only\">Twitter<\/span>\n\t\t\t\t\t\t\t\t\t\t\t\t\t<i class=\"fa fa-twitter\"><\/i>\n\t\t\t\t\t\t\t\t\t\t\t<\/a>\n\t\t\t\t<\/span>\n\t\t\t\t\t<\/div>\n\t\t\t\t<\/div>\n\t\t\t\t<\/div>\n\t\t\t\t\t<\/div>\n\t\t<\/div>\n\t\t\t\t\t<\/div>\n\t\t<\/section>\n\t\t\t\t<section class=\"elementor-section elementor-top-section elementor-element elementor-element-cb30d9c elementor-section-boxed elementor-section-height-default elementor-section-height-default\" data-id=\"cb30d9c\" data-element_type=\"section\">\n\t\t\t\t\t\t<div class=\"elementor-container elementor-column-gap-default\">\n\t\t\t\t\t<div class=\"elementor-column elementor-col-100 elementor-top-column elementor-element elementor-element-5eccde4\" data-id=\"5eccde4\" data-element_type=\"column\">\n\t\t\t<div class=\"elementor-widget-wrap elementor-element-populated\">\n\t\t\t\t\t\t<div class=\"elementor-element elementor-element-49482a8 elementor-widget elementor-widget-text-editor\" data-id=\"49482a8\" data-element_type=\"widget\" data-widget_type=\"text-editor.default\">\n\t\t\t\t<div class=\"elementor-widget-container\">\n\t\t\t\t\t\t\t<h1 class=\"cookie-policy-h1\"><font style=\"vertical-align: inherit;\"><font style=\"vertical-align: inherit;\">Pol\u00edtica de cookies<\/font><\/font><\/h1>\n           <p><font style=\"vertical-align: inherit;\"><font style=\"vertical-align: inherit;\">Fecha de vigencia: 14 de abril de 2024 <\/font><\/font><br><font style=\"vertical-align: inherit;\"><font style=\"vertical-align: inherit;\">\n             \u00daltima actualizaci\u00f3n: 14 de abril de 2024<\/font><\/font><\/p> &nbsp; \n           <h5><font style=\"vertical-align: inherit;\"><font style=\"vertical-align: inherit;\">\u00bfQu\u00e9 son las galletas?<\/font><\/font><\/h5>\n           <div class=\"cookie-policy-p\">\n            <p><font style=\"vertical-align: inherit;\"><font style=\"vertical-align: inherit;\">Esta Pol\u00edtica de cookies explica qu\u00e9 son las cookies y c\u00f3mo las utilizamos, los tipos de cookies que utilizamos, es decir, la informaci\u00f3n que recopilamos mediante el uso de cookies y c\u00f3mo se utiliza esa informaci\u00f3n, y c\u00f3mo administrar la configuraci\u00f3n de las cookies.<\/font><\/font><\/p>\n            <p><font style=\"vertical-align: inherit;\"><font style=\"vertical-align: inherit;\">Las cookies son peque\u00f1os archivos de texto que se utilizan para almacenar peque\u00f1os fragmentos de informaci\u00f3n. Se almacenan en su dispositivo cuando el sitio web se carga en su navegador. Estas cookies nos ayudan a que el sitio web funcione correctamente, hacerlo m\u00e1s seguro, brindar una mejor experiencia de usuario y comprender c\u00f3mo funciona el sitio web y analizar qu\u00e9 funciona y d\u00f3nde necesita mejorar.<\/font><\/font><\/p>\n           <\/div> &nbsp; \n           <h5><font style=\"vertical-align: inherit;\"><font style=\"vertical-align: inherit;\">C\u00f3mo usamos las cookies?<\/font><\/font><\/h5>\n           <div class=\"cookie-policy-p\">\n            <p><font style=\"vertical-align: inherit;\"><font style=\"vertical-align: inherit;\">Como la mayor\u00eda de los servicios en l\u00ednea, nuestro sitio web utiliza cookies propias y de terceros para varios prop\u00f3sitos. Las cookies de origen son en su mayor\u00eda necesarias para que el sitio web funcione correctamente y no recopilan ninguno de sus datos de identificaci\u00f3n personal.<\/font><\/font><\/p>\n            <p><font style=\"vertical-align: inherit;\"><font style=\"vertical-align: inherit;\">Las cookies de terceros utilizadas en nuestro sitio web son principalmente para comprender c\u00f3mo funciona el sitio web, c\u00f3mo interact\u00faa usted con nuestro sitio web, mantener nuestros servicios seguros, proporcionar anuncios que sean relevantes para usted y, en general, brindarle un usuario mejor y mejorado. experiencia y ayudar a acelerar sus futuras interacciones con nuestro sitio web.<\/font><\/font><\/p>\n           <\/div> &nbsp; \n           <h5><font style=\"vertical-align: inherit;\"><font style=\"vertical-align: inherit;\">Tipos de cookies que utilizamos<\/font><\/font><\/h5>\n           <div class=\"cky-audit-table-element\"><\/div> &nbsp; \n           <h5 style=\"margin-bottom:20px;\"><font style=\"vertical-align: inherit;\"><font style=\"vertical-align: inherit;\">Administrar preferencias de cookies<\/font><\/font><\/h5><a class=\"cky-banner-element\"><font style=\"vertical-align: inherit;\"><font style=\"vertical-align: inherit;\">Configuraci\u00f3n de cookies<\/font><\/font><\/a> <br>\n           <div>\n            <p><font style=\"vertical-align: inherit;\"><font style=\"vertical-align: inherit;\">Puede cambiar sus preferencias de cookies en cualquier momento haciendo clic en el bot\u00f3n de arriba. Esto le permitir\u00e1 volver a visitar el banner de consentimiento de cookies y cambiar sus preferencias o retirar su consentimiento de inmediato.<\/font><\/font><\/p>\n            <p><font style=\"vertical-align: inherit;\"><font style=\"vertical-align: inherit;\">Adem\u00e1s de esto, diferentes navegadores ofrecen diferentes m\u00e9todos para bloquear y eliminar las cookies utilizadas por los sitios web. Puede cambiar la configuraci\u00f3n de su navegador para bloquear\/eliminar las cookies. A continuaci\u00f3n se enumeran los enlaces a los documentos de soporte sobre c\u00f3mo administrar y eliminar cookies de los principales navegadores web.<\/font><\/font><\/p>\n            <p><font style=\"vertical-align: inherit;\"><font style=\"vertical-align: inherit;\">Cromo: <\/font><\/font><a href=\"https:\/\/translate.google.com\/website?sl=auto&amp;tl=it&amp;hl=it&amp;client=webapp&amp;u=https:\/\/support.google.com\/accounts\/answer\/32050\" target=\"_blank\"><font style=\"vertical-align: inherit;\"><font style=\"vertical-align: inherit;\">https:\/\/support.google.com\/accounts\/answer\/32050<\/font><\/font><\/a><\/p>\n            <p><font style=\"vertical-align: inherit;\"><font style=\"vertical-align: inherit;\">Safari: <\/font><\/font><a href=\"https:\/\/translate.google.com\/website?sl=auto&amp;tl=it&amp;hl=it&amp;client=webapp&amp;u=https:\/\/support.apple.com\/en-in\/guide\/safari\/sfri11471\/mac\" target=\"_blank\"><font style=\"vertical-align: inherit;\"><font style=\"vertical-align: inherit;\">https:\/\/support.apple.com\/en-in\/guide\/safari\/sfri11471\/mac<\/font><\/font><\/a><\/p>\n            <p><font style=\"vertical-align: inherit;\"><font style=\"vertical-align: inherit;\">Firefox: <\/font><\/font><a href=\"https:\/\/translate.google.com\/website?sl=auto&amp;tl=it&amp;hl=it&amp;client=webapp&amp;u=https:\/\/support.mozilla.org\/en-US\/kb\/clear-cookies-and-site-data-firefox?redirectslug%3Ddelete-cookies-remove-info-websites-stored%26redirectlocale%3Den-US\" target=\"_blank\"><font style=\"vertical-align: inherit;\"><font style=\"vertical-align: inherit;\">https:\/\/support.mozilla.org\/en-US\/kb\/clear-cookies-and-site-data-firefox?redirectslug=delete-cookies-remove-info-websites-stored&amp;redirectlocale=en-US<\/font><\/font><\/a><\/p>\n            <p><font style=\"vertical-align: inherit;\"><font style=\"vertical-align: inherit;\">Internet Explorer: <\/font><\/font><a href=\"https:\/\/translate.google.com\/website?sl=auto&amp;tl=it&amp;hl=it&amp;client=webapp&amp;u=https:\/\/support.microsoft.com\/en-us\/topic\/how-to-delete-cookie-files-in-internet-explorer-bca9446f-d873-78de-77ba-d42645fa52fc\" target=\"_blank\"><font style=\"vertical-align: inherit;\"><font style=\"vertical-align: inherit;\">https:\/\/support.microsoft.com\/en-us\/topic\/how-to-delete-cookie-files-in-internet-explorer-bca9446f-d873-78de-77ba-d42645fa52fc<\/font><\/font><\/a><\/p>\n            <p><font style=\"vertical-align: inherit;\"><font style=\"vertical-align: inherit;\">Si est\u00e1 utilizando cualquier otro navegador web, visite los documentos de soporte oficiales de su navegador.<\/font><\/font><\/p>\n           <\/div> &nbsp; \n           <p class=\"cookie-policy-p\"><font style=\"vertical-align: inherit;\"><font style=\"vertical-align: inherit;\">Pol\u00edtica de cookies generada por <\/font><\/font><a target=\"_blank\" href=\"https:\/\/translate.google.com\/website?sl=auto&amp;tl=it&amp;hl=it&amp;client=webapp&amp;u=https:\/\/www.cookieyes.com\/?utm_source%3DCP%26utm_medium%3Dfooter%26utm_campaign%3DUW\"><font style=\"vertical-align: inherit;\"><font style=\"vertical-align: inherit;\">CookieS\u00ed \u2013 Generador de pol\u00edticas de cookies<\/font><\/font><\/a><font style=\"vertical-align: inherit;\"><font style=\"vertical-align: inherit;\"> .<\/font><\/font><\/p>\n          <\/div>\t\t\t\t\t\t<\/div>\n\t\t\t\t<\/div>\n\t\t\t\t\t<\/div>\n\t\t<\/div>\n\t\t\t\t\t<\/div>\n\t\t<\/section>\n\t\t\t\t<\/div>\n\t\t","protected":false},"excerpt":{"rendered":"<p>Amalfi Coast Amalfi +39 338 6766111 24\/7 Customer Support Todos los d\u00edas cada hora 24h listo para transferencias Facebook Twitter Pol\u00edtica de cookies Fecha de vigencia: 14 de abril de 2024 \u00daltima actualizaci\u00f3n: 14 de abril de 2024 &nbsp; \u00bfQu\u00e9 son las galletas? Esta Pol\u00edtica de cookies explica qu\u00e9 son las cookies y c\u00f3mo las&hellip;&nbsp;<a href=\"https:\/\/www.transferamalficoast.it\/es\/cookies\/\" class=\"\" rel=\"bookmark\">Leer m\u00e1s &raquo;<span class=\"screen-reader-text\">Cookies<\/span><\/a><\/p>\n","protected":false},"author":1,"featured_media":0,"parent":0,"menu_order":0,"comment_status":"closed","ping_status":"closed","template":"page-templates\/template-pagebuilder-full-width.php","meta":{"neve_meta_sidebar":"","neve_meta_container":"","neve_meta_enable_content_width":"","neve_meta_content_width":70,"neve_meta_title_alignment":"","neve_meta_author_avatar":"","neve_post_elements_order":"","neve_meta_disable_header":"on","neve_meta_disable_footer":"","neve_meta_disable_title":"on","footnotes":""},"_links":{"self":[{"href":"https:\/\/www.transferamalficoast.it\/es\/wp-json\/wp\/v2\/pages\/3454"}],"collection":[{"href":"https:\/\/www.transferamalficoast.it\/es\/wp-json\/wp\/v2\/pages"}],"about":[{"href":"https:\/\/www.transferamalficoast.it\/es\/wp-json\/wp\/v2\/types\/page"}],"author":[{"embeddable":true,"href":"https:\/\/www.transferamalficoast.it\/es\/wp-json\/wp\/v2\/users\/1"}],"replies":[{"embeddable":true,"href":"https:\/\/www.transferamalficoast.it\/es\/wp-json\/wp\/v2\/comments?post=3454"}],"version-history":[{"count":10,"href":"https:\/\/www.transferamalficoast.it\/es\/wp-json\/wp\/v2\/pages\/3454\/revisions"}],"predecessor-version":[{"id":3532,"href":"https:\/\/www.transferamalficoast.it\/es\/wp-json\/wp\/v2\/pages\/3454\/revisions\/3532"}],"wp:attachment":[{"href":"https:\/\/www.transferamalficoast.it\/es\/wp-json\/wp\/v2\/media?parent=3454"}],"curies":[{"name":"wp","href":"https:\/\/api.w.org\/{rel}","templated":true}]}}